{"id":18,"date":"2017-10-01T11:56:53","date_gmt":"2017-10-01T11:56:53","guid":{"rendered":"http:\/\/wp.oldtimerfreunde-osterholz.de\/?page_id=18"},"modified":"2017-10-01T11:56:53","modified_gmt":"2017-10-01T11:56:53","slug":"wir-ueber-uns","status":"publish","type":"page","link":"https:\/\/oldtimerfreunde-osterholz.de\/?page_id=18","title":{"rendered":"Wir \u00fcber uns"},"content":{"rendered":"<p>Die Oldtimerfreunde Osterholz und Umgebung ist ein lockerer Zusammenschluss von Oldtimer Fans aller Oldtimer Fabrikaten, mit dem Ziel eines allgemeinen Erfahrungsaustausches und dem Erhalten der Fahrzeuge.<\/p>\n<p>Unser Hauptinteresse liegt in der Pflege von Kontakten der Besitzer untereinander.<\/p>\n<p>Es werden Treffen und Ausfahrten veranstaltet, die bekannt gegeben werden.<\/p>\n<p>Clubbeitr\u00e4ge werden nicht erhoben.Die regelm\u00e4\u00dfig stattfindenen Stammtische sind beliebte Zusammenk\u00fcnfte.<\/p>\n","protected":false},"excerpt":{"rendered":"<p>Die Oldtimerfreunde Osterholz und Umgebung ist ein lockerer Zusammenschluss von Oldtimer Fans aller Oldtimer Fabrikaten, mit dem Ziel eines allgemeinen Erfahrungsaustausches und dem Erhalten der Fahrzeuge. Unser Hauptinteresse liegt in der Pflege von Kontakten der Besitzer untereinander. Es werden Treffen<\/p>\n","protected":false},"author":1,"featured_media":0,"parent":0,"menu_order":0,"comment_status":"closed","ping_status":"closed","template":"","meta":[],"_links":{"self":[{"href":"https:\/\/oldtimerfreunde-osterholz.de\/index.php?rest_route=\/wp\/v2\/pages\/18"}],"collection":[{"href":"https:\/\/oldtimerfreunde-osterholz.de\/index.php?rest_route=\/wp\/v2\/pages"}],"about":[{"href":"https:\/\/oldtimerfreunde-osterholz.de\/index.php?rest_route=\/wp\/v2\/types\/page"}],"author":[{"embeddable":true,"href":"https:\/\/oldtimerfreunde-osterholz.de\/index.php?rest_route=\/wp\/v2\/users\/1"}],"replies":[{"embeddable":true,"href":"https:\/\/oldtimerfreunde-osterholz.de\/index.php?rest_route=%2Fwp%2Fv2%2Fcomments&post=18"}],"version-history":[{"count":1,"href":"https:\/\/oldtimerfreunde-osterholz.de\/index.php?rest_route=\/wp\/v2\/pages\/18\/revisions"}],"predecessor-version":[{"id":19,"href":"https:\/\/oldtimerfreunde-osterholz.de\/index.php?rest_route=\/wp\/v2\/pages\/18\/revisions\/19"}],"wp:attachment":[{"href":"https:\/\/oldtimerfreunde-osterholz.de\/index.php?rest_route=%2Fwp%2Fv2%2Fmedia&parent=18"}],"curies":[{"name":"wp","href":"https:\/\/api.w.org\/{rel}","templated":true}]}}