{"id":190,"date":"2019-06-22T12:14:56","date_gmt":"2019-06-22T12:14:56","guid":{"rendered":"http:\/\/oldtimerfreunde-osterholz.de\/?page_id=190"},"modified":"2026-04-11T12:38:06","modified_gmt":"2026-04-11T12:38:06","slug":"oldtimer-youngtimer-praesentation-mit-ausfahrt","status":"publish","type":"page","link":"https:\/\/oldtimerfreunde-osterholz.de\/?page_id=190","title":{"rendered":"Oldtimer &#038; Youngtimer Pr\u00e4sentation mit Ausfahrt"},"content":{"rendered":"<h1>5. Oldtimer &amp; Youngtimer Pr\u00e4sentation mit Ausfahrt<\/h1>\n<h2 style=\"text-align: left;\">Samstag, 05. September 2026 ab 10:00 auf dem Parkplatz vor dem Meyerhoff K\u00fcchenhaus in Osterholz\u2013Scharmbeck (H\u00f6rdorfer Weg 33-37, 27711 Osterholz-Scharmbeck)<\/h2>\n<p>Fahrzeuge bis Baujahr 1999.<\/p>\n<ul>\n<li>ab 10:00 Eintreffen und Verteilung der Gutscheine<\/li>\n<li>11:00 \u2013 12:30 Ausfahrt f\u00fcr 1. H\u00e4lfte der Teilnehmer<\/li>\n<li>13:30 &#8211; 15:00 Ausfahrt f\u00fcr 2. H\u00e4lfte der Teilnehmer<\/li>\n<li>15:30 Verlosung unter allen Teilnehmern (10 x 50 Euro Meyerhoff Warengutscheine)<\/li>\n<\/ul>\n<p><b style=\"color: #222222; font-size: 24px;\">Anmeldung:\u00a0<\/b><\/p>\n<ul>\n<li><strong>via Email:<\/strong> info@oldtimerfreunde-osterholz.de<\/li>\n<li><strong>via Tel.:<\/strong> 04748 \/ 7250<\/li>\n<\/ul>\n<p><strong>via Formular:<\/strong><\/p>\n\n<div class=\"wpcf7 no-js\" id=\"wpcf7-f188-o1\" lang=\"de-DE\" dir=\"ltr\">\n<div class=\"screen-reader-response\"><p role=\"status\" aria-live=\"polite\" aria-atomic=\"true\"><\/p> <ul><\/ul><\/div>\n<form action=\"\/index.php?rest_route=%2Fwp%2Fv2%2Fpages%2F190#wpcf7-f188-o1\" method=\"post\" class=\"wpcf7-form init\" aria-label=\"Kontaktformular\" novalidate=\"novalidate\" data-status=\"init\">\n<div style=\"display: none;\">\n<input type=\"hidden\" name=\"_wpcf7\" value=\"188\" \/>\n<input type=\"hidden\" name=\"_wpcf7_version\" value=\"5.7.3\" \/>\n<input type=\"hidden\" name=\"_wpcf7_locale\" value=\"de_DE\" \/>\n<input type=\"hidden\" name=\"_wpcf7_unit_tag\" value=\"wpcf7-f188-o1\" \/>\n<input type=\"hidden\" name=\"_wpcf7_container_post\" value=\"0\" \/>\n<input type=\"hidden\" name=\"_wpcf7_posted_data_hash\" value=\"\" \/>\n<\/div>\n<p><label> Vorname\/Nachname (Pflichtfeld)<br \/>\n<span class=\"wpcf7-form-control-wrap\" data-name=\"your-name\"><input size=\"40\" class=\"wpcf7-form-control wpcf7-text wpcf7-validates-as-required\" aria-required=\"true\" aria-invalid=\"false\" value=\"\" type=\"text\" name=\"your-name\" \/><\/span> <\/label>\n<\/p>\n<p><label> Stra\u00dfe, Hausnummer (Pflichtfeld)<br \/>\n<span class=\"wpcf7-form-control-wrap\" data-name=\"your-strasse\"><input size=\"40\" class=\"wpcf7-form-control wpcf7-text wpcf7-validates-as-required\" aria-required=\"true\" aria-invalid=\"false\" value=\"\" type=\"text\" name=\"your-strasse\" \/><\/span> <\/label>\n<\/p>\n<p><label> PLZ, Ort (Pflichtfeld)<br \/>\n<span class=\"wpcf7-form-control-wrap\" data-name=\"your-plz\"><input size=\"40\" class=\"wpcf7-form-control wpcf7-text wpcf7-validates-as-required\" aria-required=\"true\" aria-invalid=\"false\" value=\"\" type=\"text\" name=\"your-plz\" \/><\/span> <\/label>\n<\/p>\n<p><label> E-Mail-Adresse (Pflichtfeld)<br \/>\n<span class=\"wpcf7-form-control-wrap\" data-name=\"your-email\"><input size=\"40\" class=\"wpcf7-form-control wpcf7-text wpcf7-email wpcf7-validates-as-required wpcf7-validates-as-email\" aria-required=\"true\" aria-invalid=\"false\" value=\"\" type=\"email\" name=\"your-email\" \/><\/span> <\/label>\n<\/p>\n<p><label>Fahrzeug (Pflichtfeld)<br \/>\n<span class=\"wpcf7-form-control-wrap\" data-name=\"Fahrzeug\"><input size=\"40\" class=\"wpcf7-form-control wpcf7-text wpcf7-validates-as-required\" aria-required=\"true\" aria-invalid=\"false\" value=\"\" type=\"text\" name=\"Fahrzeug\" \/><\/span><\/label><br \/>\n<label>Fahrzeugtyp <span class=\"wpcf7-form-control-wrap\" data-name=\"typ\"><input size=\"40\" class=\"wpcf7-form-control wpcf7-text\" aria-invalid=\"false\" value=\"\" type=\"text\" name=\"typ\" \/><\/span><\/label><br \/>\n<label>Baujahr <span class=\"wpcf7-form-control-wrap\" data-name=\"Baujahr\"><input class=\"wpcf7-form-control wpcf7-number wpcf7-validates-as-number\" aria-invalid=\"false\" value=\"\" type=\"number\" name=\"Baujahr\" \/><\/span><\/label><br \/>\n<label>Hubraum <span class=\"wpcf7-form-control-wrap\" data-name=\"hubraum\"><input size=\"40\" class=\"wpcf7-form-control wpcf7-text\" aria-invalid=\"false\" value=\"\" type=\"text\" name=\"hubraum\" \/><\/span><\/label><br \/>\n<label>PS\/KW <span class=\"wpcf7-form-control-wrap\" data-name=\"leistung\"><input size=\"40\" class=\"wpcf7-form-control wpcf7-text\" aria-invalid=\"false\" value=\"\" type=\"text\" name=\"leistung\" \/><\/span><\/label><br \/>\n<label>H\u00f6chstgeschwindigkeit <span class=\"wpcf7-form-control-wrap\" data-name=\"speed\"><input size=\"40\" class=\"wpcf7-form-control wpcf7-text\" aria-invalid=\"false\" value=\"\" type=\"text\" name=\"speed\" \/><\/span><\/label><br \/>\n<label>Anzahl Personen <span class=\"wpcf7-form-control-wrap\" data-name=\"anzahl\"><input size=\"40\" class=\"wpcf7-form-control wpcf7-text\" aria-invalid=\"false\" value=\"\" type=\"text\" name=\"anzahl\" \/><\/span><\/label>\n<\/p>\n<p><label> Kommentar<br \/>\n<span class=\"wpcf7-form-control-wrap\" data-name=\"your-message\"><textarea cols=\"40\" rows=\"10\" class=\"wpcf7-form-control wpcf7-textarea\" aria-invalid=\"false\" name=\"your-message\"><\/textarea><\/span> <\/label>\n<\/p>\n<p>Haftungsausschluss:<br \/>\nDer Teilnehmer verzichtet f\u00fcr sich und seine Helfer auf Anspr\u00fcche jeder Art, f\u00fcr Sch\u00e4den, die in Zusammenhang mit der Veranstaltung entstehen. Dies gilt gegen\u00fcber dem Veranstalter, seinen Mitgliedern und Helfern, Beh\u00f6rden und allen anderen Personen und Firmen, die mit der Organisation der Veranstaltung im Zusammenhang stehen bzw. ihrerseits an der Veranstaltung teilnehmen. Die Teilnehmer nehmen auf eigene Gefahr an dieser Veranstaltung teil. Mit dem Absenden des Formulars erkenne ich den Haftungsausschluss an.\n<\/p>\n<p><input class=\"wpcf7-form-control has-spinner wpcf7-submit\" type=\"submit\" value=\"Senden\" \/>\n<\/p><div class=\"wpcf7-response-output\" aria-hidden=\"true\"><\/div>\n<\/form>\n<\/div>\n\n","protected":false},"excerpt":{"rendered":"<p>5. Oldtimer &amp; Youngtimer Pr\u00e4sentation mit Ausfahrt Samstag, 05. September 2026 ab 10:00 auf dem Parkplatz vor dem Meyerhoff K\u00fcchenhaus in Osterholz\u2013Scharmbeck (H\u00f6rdorfer Weg 33-37, 27711 Osterholz-Scharmbeck) Fahrzeuge bis Baujahr 1999. ab 10:00 Eintreffen und Verteilung der Gutscheine 11:00 \u2013<\/p>\n","protected":false},"author":1,"featured_media":0,"parent":0,"menu_order":0,"comment_status":"closed","ping_status":"closed","template":"","meta":[],"_links":{"self":[{"href":"https:\/\/oldtimerfreunde-osterholz.de\/index.php?rest_route=\/wp\/v2\/pages\/190"}],"collection":[{"href":"https:\/\/oldtimerfreunde-osterholz.de\/index.php?rest_route=\/wp\/v2\/pages"}],"about":[{"href":"https:\/\/oldtimerfreunde-osterholz.de\/index.php?rest_route=\/wp\/v2\/types\/page"}],"author":[{"embeddable":true,"href":"https:\/\/oldtimerfreunde-osterholz.de\/index.php?rest_route=\/wp\/v2\/users\/1"}],"replies":[{"embeddable":true,"href":"https:\/\/oldtimerfreunde-osterholz.de\/index.php?rest_route=%2Fwp%2Fv2%2Fcomments&post=190"}],"version-history":[{"count":20,"href":"https:\/\/oldtimerfreunde-osterholz.de\/index.php?rest_route=\/wp\/v2\/pages\/190\/revisions"}],"predecessor-version":[{"id":315,"href":"https:\/\/oldtimerfreunde-osterholz.de\/index.php?rest_route=\/wp\/v2\/pages\/190\/revisions\/315"}],"wp:attachment":[{"href":"https:\/\/oldtimerfreunde-osterholz.de\/index.php?rest_route=%2Fwp%2Fv2%2Fmedia&parent=190"}],"curies":[{"name":"wp","href":"https:\/\/api.w.org\/{rel}","templated":true}]}}