{"id":29,"date":"2017-10-01T12:37:52","date_gmt":"2017-10-01T12:37:52","guid":{"rendered":"http:\/\/wp.oldtimerfreunde-osterholz.de\/?page_id=29"},"modified":"2017-10-01T14:12:24","modified_gmt":"2017-10-01T14:12:24","slug":"impressum","status":"publish","type":"page","link":"https:\/\/oldtimerfreunde-osterholz.de\/?page_id=29","title":{"rendered":"Impressum"},"content":{"rendered":"<p>Oldtimerfreunde Osterholz-Scharmbeck und Umzu<\/p>\n<p>c\/o G\u00fcnter Breden<br \/>\nWinterbergstr. 12<br \/>\n27729 Holste<br \/>\nTel. 04748\/7250<br \/>\nE-Mail:\u00a0<a href=\"mailto:Info@oldtimerfreunde-osterholz.de\">Info@oldtimerfreunde-osterholz.de<\/a><\/p>\n<p>&nbsp;<\/p>\n<p><strong>Haftungshinweise:<\/strong><\/p>\n<p>Die Inhalte dieser Webseite\u00a0wurden mit gr\u00f6\u00dfter Sorgfalt und nach besten Wissen erstellt.<\/p>\n<p>F\u00fcr die hier angebotenen Informationen wird jedoch keine Gew\u00e4hr f\u00fcr die Richtigkeit, Vollst\u00e4ndigkeit, Aktualit\u00e4t und Qualit\u00e4t der bereitgestellten Inhalte erhoben. Es kann keine Verantwortung f\u00fcr Sch\u00e4den \u00fcbernommen werden, die durch die abrufbaren Inhalte dieser Webseite oder deren Gebrauch entstehen. Trotz sorgf\u00e4ltiger inhaltlicher Kontrolle \u00fcbernehmen wir keine Haftung f\u00fcr die Inhalte Externer Links. F\u00fcr den Inhalt der verlinkten Seiten sind ausschlie\u00dflich deren Betreiber verantwortlich. Bei Kenntnis von gesetzeswidrige oder anderweitig anst\u00f6\u00dfige Seiten werden derartige externe Links unverz\u00fcglich gel\u00f6scht.<\/p>\n<p>&nbsp;<\/p>\n<p>Einige Inhalte auf dieser Seite sind unter der <a href=\"https:\/\/www.gnu.org\/copyleft\/gpl.html\">GPL Lizenz<\/a> lizenziert.<\/p>\n","protected":false},"excerpt":{"rendered":"<p>Oldtimerfreunde Osterholz-Scharmbeck und Umzu c\/o G\u00fcnter Breden Winterbergstr. 12 27729 Holste Tel. 04748\/7250 E-Mail:\u00a0Info@oldtimerfreunde-osterholz.de &nbsp; Haftungshinweise: Die Inhalte dieser Webseite\u00a0wurden mit gr\u00f6\u00dfter Sorgfalt und nach besten Wissen erstellt. F\u00fcr die hier angebotenen Informationen wird jedoch keine Gew\u00e4hr f\u00fcr die Richtigkeit,<\/p>\n","protected":false},"author":1,"featured_media":0,"parent":0,"menu_order":80,"comment_status":"closed","ping_status":"closed","template":"","meta":[],"_links":{"self":[{"href":"https:\/\/oldtimerfreunde-osterholz.de\/index.php?rest_route=\/wp\/v2\/pages\/29"}],"collection":[{"href":"https:\/\/oldtimerfreunde-osterholz.de\/index.php?rest_route=\/wp\/v2\/pages"}],"about":[{"href":"https:\/\/oldtimerfreunde-osterholz.de\/index.php?rest_route=\/wp\/v2\/types\/page"}],"author":[{"embeddable":true,"href":"https:\/\/oldtimerfreunde-osterholz.de\/index.php?rest_route=\/wp\/v2\/users\/1"}],"replies":[{"embeddable":true,"href":"https:\/\/oldtimerfreunde-osterholz.de\/index.php?rest_route=%2Fwp%2Fv2%2Fcomments&post=29"}],"version-history":[{"count":2,"href":"https:\/\/oldtimerfreunde-osterholz.de\/index.php?rest_route=\/wp\/v2\/pages\/29\/revisions"}],"predecessor-version":[{"id":70,"href":"https:\/\/oldtimerfreunde-osterholz.de\/index.php?rest_route=\/wp\/v2\/pages\/29\/revisions\/70"}],"wp:attachment":[{"href":"https:\/\/oldtimerfreunde-osterholz.de\/index.php?rest_route=%2Fwp%2Fv2%2Fmedia&parent=29"}],"curies":[{"name":"wp","href":"https:\/\/api.w.org\/{rel}","templated":true}]}}